{"id":920,"date":"2019-01-20T18:53:04","date_gmt":"2019-01-20T20:53:04","guid":{"rendered":"https:\/\/cidadesantigo.cbcs.org.br\/?page_id=920"},"modified":"2022-06-24T22:37:56","modified_gmt":"2022-06-25T01:37:56","slug":"jaboatao-dos-guararapes","status":"publish","type":"page","link":"https:\/\/cidadesantigo.cbcs.org.br\/r\/?page_id=920","title":{"rendered":"JABOAT\u00c3O DOS GUARARAPES"},"content":{"rendered":"<\/div><\/div><\/div><!-- close content main div --><\/div><\/div><div id='welcome' class='av-layout-grid-container entry-content-wrapper main_color av-fixed-cells    container_wrap sidebar_right'   >\n<div class=\"flex_cell no_margin av_one_fourth   av-zero-padding \" style='height:15px; min-height:15px;background: #95c11f; vertical-align:top; padding:0px; background-color:#95c11f; '><div class='flex_cell_inner' ><\/div><\/div><div class=\"flex_cell no_margin av_one_fourth   av-zero-padding \" style='height:15px; min-height:15px;background: #51788e; vertical-align:top; padding:0px; background-color:#51788e; '><div class='flex_cell_inner' ><\/div><\/div><div class=\"flex_cell no_margin av_one_fourth   av-zero-padding \" style='height:15px; min-height:15px;background: #88bde8; vertical-align:top; padding:0px; background-color:#88bde8; '><div class='flex_cell_inner' ><\/div><\/div><div class=\"flex_cell no_margin av_one_fourth   av-zero-padding \" style='height:15px; min-height:15px;background: #d4e5f7; vertical-align:top; padding:0px; background-color:#d4e5f7; '><div class='flex_cell_inner' ><\/div><\/div>\n<\/div>\n<\/div><\/div><\/div><!-- close content main div --><\/div><\/div><div id='benchmarking' class='av-layout-grid-container entry-content-wrapper main_color av-flex-cells    container_wrap sidebar_right'   >\n<div class=\"flex_cell no_margin av_one_full   \" style='background: #ffffff; vertical-align:top; padding:30px; background-color:#ffffff; '><div class='flex_cell_inner' ><div class=\"flex_column av_one_full  av-animated-generic top-to-bottom  flex_column_div first  \" style='padding:0px 10% 0px 10% ; border-radius:0px; '><p><div style='padding-bottom:10px; color:#4b788b;font-size:42px;' class='av-special-heading av-special-heading-h2 custom-color-heading blockquote modern-quote   av-inherit-size '><h2 class='av-special-heading-tag '  itemprop=\"headline\"  >Jaboat\u00e3o dos Guararapes<\/h2><div class='special-heading-border'><div class='special-heading-inner-border' style='border-color:#4b788b'><\/div><\/div><\/div><br \/>\n<div style='padding-bottom:10px; color:#4b788b;font-size:35px;' class='av-special-heading av-special-heading-h2 custom-color-heading blockquote modern-quote  av-inherit-size '><h2 class='av-special-heading-tag '  itemprop=\"headline\"  >2018<\/h2><div class='special-heading-border'><div class='special-heading-inner-border' style='border-color:#4b788b'><\/div><\/div><\/div><br \/>\n<section class=\"av_textblock_section \"  itemscope=\"itemscope\" itemtype=\"https:\/\/schema.org\/CreativeWork\" ><div class='avia_textblock  '   itemprop=\"text\" ><p>Para a cidade de Jaboat\u00e3o dos Guararapes teve uma visita inicial onde foram discutidas em conjunto as a\u00e7\u00f5es mais relevantes e que estariam sendo mais efetivas para o munic\u00edpio, dentro dos temas propostos pelo projeto. Igualmente foram realizadas visitas a quatro edifica\u00e7\u00f5es: Mercado P\u00fablico, antiga sede da prefeitura, antigo F\u00f3rum, novo centro administrativo.<img loading=\"lazy\" decoding=\"async\" class=\"wp-image-921 size-portfolio alignnone\" src=\"https:\/\/cidadesantigo.cbcs.org.br\/wp-content\/uploads\/2019\/01\/IMG_8816-495x400.jpg\" alt=\"\" width=\"495\" height=\"400\" srcset=\"https:\/\/cidadesantigo.cbcs.org.br\/wp-content\/uploads\/2019\/01\/IMG_8816-495x400.jpg 495w, https:\/\/cidadesantigo.cbcs.org.br\/wp-content\/uploads\/2019\/01\/IMG_8816-845x684.jpg 845w\" sizes=\"(max-width: 495px) 100vw, 495px\" \/> <img loading=\"lazy\" decoding=\"async\" class=\"wp-image-922 size-portfolio alignnone\" src=\"https:\/\/cidadesantigo.cbcs.org.br\/wp-content\/uploads\/2019\/01\/IMG-5314-495x400.jpg\" alt=\"\" width=\"495\" height=\"400\" srcset=\"https:\/\/cidadesantigo.cbcs.org.br\/wp-content\/uploads\/2019\/01\/IMG-5314-495x400.jpg 495w, https:\/\/cidadesantigo.cbcs.org.br\/wp-content\/uploads\/2019\/01\/IMG-5314-845x684.jpg 845w\" sizes=\"(max-width: 495px) 100vw, 495px\" \/> <img loading=\"lazy\" decoding=\"async\" class=\"wp-image-923 size-portfolio alignnone\" src=\"https:\/\/cidadesantigo.cbcs.org.br\/wp-content\/uploads\/2019\/01\/IMG_2659-495x400.jpg\" alt=\"\" width=\"495\" height=\"400\" srcset=\"https:\/\/cidadesantigo.cbcs.org.br\/wp-content\/uploads\/2019\/01\/IMG_2659-495x400.jpg 495w, https:\/\/cidadesantigo.cbcs.org.br\/wp-content\/uploads\/2019\/01\/IMG_2659-845x684.jpg 845w\" sizes=\"(max-width: 495px) 100vw, 495px\" \/> <img loading=\"lazy\" decoding=\"async\" class=\"alignnone wp-image-924 size-portfolio\" src=\"https:\/\/cidadesantigo.cbcs.org.br\/wp-content\/uploads\/2019\/01\/IMG_2763-495x400.jpg\" alt=\"\" width=\"495\" height=\"400\" srcset=\"https:\/\/cidadesantigo.cbcs.org.br\/wp-content\/uploads\/2019\/01\/IMG_2763-495x400.jpg 495w, https:\/\/cidadesantigo.cbcs.org.br\/wp-content\/uploads\/2019\/01\/IMG_2763-845x684.jpg 845w\" sizes=\"(max-width: 495px) 100vw, 495px\" \/><\/p>\n<p>Cada cidade teve uma equipe local liderada por um coordenador, a qual apoiou o trabalho realizado pela\u00a0equipe do CBCS.<\/p>\n<p>Foram consideradas as seguintes atividades para Jaboat\u00e3o dos Guararapes:<br \/>\nMapeamento preliminar de dados de consumo de energia e \u00e1gua dos pr\u00e9dios p\u00fablicos e elabora\u00e7\u00e3o de \u00edndices de desempenho entre as edifica\u00e7\u00f5es, como ponto de partida para permitir um maior controle futuro da prefeitura com rela\u00e7\u00e3o aos seus pr\u00e9dios.<\/p>\n<p>Apoio t\u00e9cnico para estrutura\u00e7\u00e3o da gest\u00e3o de energia e \u00e1gua no munic\u00edpio.<br \/>\nAn\u00e1lise de novo projeto ou projeto existente (a confirmar ap\u00f3s mapeamento inicial) que se considere relevante, de forma a buscar fornecer diretrizes para novos projetos dessa tipologia no munic\u00edpio.<\/p>\n<p>Com rela\u00e7\u00e3o \u00e0 mobilidade ser\u00e1 abordado o tema de forma a obter-se maiores dados em rela\u00e7\u00e3o ao deslocamento dos funcion\u00e1rios da prefeitura ao seu local de trabalho, o que poder\u00e1 permitir \u00e0 prefeitura a tomada de a\u00e7\u00f5es futuras.<\/p>\n<p>Capacita\u00e7\u00e3o e treinamento aos gestores das edifica\u00e7\u00f5es como forma de expandir o conhecimento nas \u00e1reas do projeto entre os funcion\u00e1rios da prefeitura.<br \/>\nFornecimento de diretrizes de boas pr\u00e1ticas de gest\u00e3o de \u00e1gua e energia, e recomenda\u00e7\u00f5es ao munic\u00edpio.<\/p>\n<p>O mapeamento de consumos de energia e \u00e1gua nos pr\u00e9dios p\u00fablicos permitiu estabelecer um comparativo interno entre as tipologias de edif\u00edcios e identifica\u00e7\u00e3o de quais apresentavam maiores consumos. Uma planilha foi estruturada como ferramenta, contendo dados dos pr\u00e9dios municipais com consumos em torno de 1 a 2 anos. Veja os resultados de an\u00e1lises dos pr\u00e9dios p\u00fablicos <a href=\"https:\/\/cidadesantigo.cbcs.org.br\/wp-content\/uploads\/pdf\/Analise-dados-edificios_JdG.pdf\"><strong>clique aqui<\/strong><\/a>.<\/p>\n<p>Na an\u00e1lise foram identificados alguns pr\u00e9dios para serem realizadas visitas para entender os desempenhos dos edif\u00edcios e verificar possibilidades de melhoria. Para Jaboat\u00e3o dos Guararapes foi selecionada para visita um pr\u00e9dio da tipologia escolar.<\/p>\n<p><img loading=\"lazy\" decoding=\"async\" class=\"alignnone wp-image-925 size-portfolio\" src=\"https:\/\/cidadesantigo.cbcs.org.br\/wp-content\/uploads\/2019\/01\/IMG_8740-495x400.jpg\" alt=\"\" width=\"495\" height=\"400\" srcset=\"https:\/\/cidadesantigo.cbcs.org.br\/wp-content\/uploads\/2019\/01\/IMG_8740-495x400.jpg 495w, https:\/\/cidadesantigo.cbcs.org.br\/wp-content\/uploads\/2019\/01\/IMG_8740-845x684.jpg 845w\" sizes=\"(max-width: 495px) 100vw, 495px\" \/> <img loading=\"lazy\" decoding=\"async\" class=\"alignnone wp-image-926 size-portfolio\" src=\"https:\/\/cidadesantigo.cbcs.org.br\/wp-content\/uploads\/2019\/01\/IMG_8752-495x400.jpg\" alt=\"\" width=\"495\" height=\"400\" srcset=\"https:\/\/cidadesantigo.cbcs.org.br\/wp-content\/uploads\/2019\/01\/IMG_8752-495x400.jpg 495w, https:\/\/cidadesantigo.cbcs.org.br\/wp-content\/uploads\/2019\/01\/IMG_8752-845x684.jpg 845w\" sizes=\"(max-width: 495px) 100vw, 495px\" \/> <img loading=\"lazy\" decoding=\"async\" class=\"alignnone wp-image-927 size-portfolio\" src=\"https:\/\/cidadesantigo.cbcs.org.br\/wp-content\/uploads\/2019\/01\/IMG_8757-495x400.jpg\" alt=\"\" width=\"495\" height=\"400\" srcset=\"https:\/\/cidadesantigo.cbcs.org.br\/wp-content\/uploads\/2019\/01\/IMG_8757-495x400.jpg 495w, https:\/\/cidadesantigo.cbcs.org.br\/wp-content\/uploads\/2019\/01\/IMG_8757-845x684.jpg 845w\" sizes=\"(max-width: 495px) 100vw, 495px\" \/><\/p>\n<p>Um projeto de cada cidade considerado pela equipe do munic\u00edpio como relevante por conta da sua possibilidade de replica\u00e7\u00e3o ou influ\u00eancia foi considerado para an\u00e1lise em maior profundidade. Para Jaboat\u00e3o dos Guararapes foi analisada a Unidade de Sa\u00fade da Familia Curcurana. Tamb\u00e9m foi realizada uma an\u00e1lise preliminar do sistema proposto de gera\u00e7\u00e3o fotovoltaica para o novo complexo administrativo. O relat\u00f3rio da an\u00e1lise desses pr\u00e9dios pode ser acessado <a href=\"https:\/\/cidadesantigo.cbcs.org.br\/wp-content\/uploads\/pdf\/Analise-Projetos_JdG.pdf\"><strong>clique aqui<\/strong><\/a>.<\/p>\n<p>Uma pesquisa de mobilidade com os funcion\u00e1rios da prefeitura foi implementada em todas as cidades, com o intuito de entender o comportamento dos usu\u00e1rios e possibilidades de incentivo por parte da prefeitura para quest\u00f5es de mobilidade relacionadas em especial com possibilidade de caronas e incentivo ao uso da bicicleta. O levantamento tomou como base pesquisa desenvolvida pelo WRI Brasil. Em Jaboat\u00e3o dos Guararapes foram 47 participantes da pesquisa. O resultado final da pesquisa de mobilidade foi mostrado junto \u00e0 capacita\u00e7\u00e3o dada aos gestores p\u00fablicos.<\/p>\n<p>Foi realizada tamb\u00e9m capacita\u00e7\u00e3o buscando a participa\u00e7\u00e3o dos gestores p\u00fablicos. A m\u00e9dia de participa\u00e7\u00e3o foi em torno de 25-30 pessoas por cidade. Na capacita\u00e7\u00e3o foram abordados diversos temas relacionados com a tem\u00e1tica do projeto e incorporados no meio da capacita\u00e7\u00e3o os resultados obtidos com o trabalho com a cidades, de forma a passar um conhecimento mais aplicado.<br \/>\nA seguir podem ser obtidos, as apresenta\u00e7\u00f5es da capacita\u00e7\u00e3o dada em Jaboat\u00e3o dos Guararapes.<\/p>\n<p><a href=\"https:\/\/cidadesantigo.cbcs.org.br\/wp-content\/uploads\/pdf\/1.Motivacoes_Capacitacao-JdG.pdf\">1.Motiva\u00e7\u00f5es Capacita\u00e7\u00e3o<\/a><\/p>\n<p><a href=\"https:\/\/cidadesantigo.cbcs.org.br\/wp-content\/uploads\/pdf\/2.Prog_Metas_e_Pol._Publicas_Capacitacao-JdG.pdf\">2.Prog, Metas e Pol. P\u00fablicas Capacita\u00e7\u00e3o<\/a><\/p>\n<p><a href=\"https:\/\/cidadesantigo.cbcs.org.br\/wp-content\/uploads\/pdf\/3.Melhorias_de_EE_e_Financ_Capacitacao-JdG.pdf\">3.Melhorias de EE e Financ Capacita\u00e7\u00e3o<\/a><\/p>\n<p><a href=\"https:\/\/cidadesantigo.cbcs.org.br\/wp-content\/uploads\/pdf\/4.Exemplo_de_aplicacao_de_medidas_Capacitacao-JdG.pdf\">4.Exemplo de aplica\u00e7\u00e3o de medidas Capacita\u00e7\u00e3o<\/a><\/p>\n<p><a href=\"https:\/\/cidadesantigo.cbcs.org.br\/wp-content\/uploads\/pdf\/5.Mobilidade_Capacitacao-JdG.pdf\">5.Mobilidade Capacita\u00e7\u00e3o<\/a><\/p>\n<p><a href=\"http:\/\/6.Geracao_Distribuida_Capacitacao-JdG.pdf\">6.Gera\u00e7\u00e3o Distribu\u00edda Capacita\u00e7\u00e3o<\/a><\/p>\n<p><a href=\"https:\/\/cidadesantigo.cbcs.org.br\/wp-content\/uploads\/pdf\/7.Conclusoes_e_Discussso_Capacitacao-JdG.pdf\">7.Conclus\u00f5es e Discuss\u00e3o Capacita\u00e7\u00e3o<\/a><\/p>\n<p>Finalmente foi entregue um Checklist &#8211; Guia de A\u00e7\u00f5es, com as principais a\u00e7\u00f5es levantadas consideradas importantes, como s\u00edntese da\u00a0assessoria e de forma a que seja complementar com as outras an\u00e1lises mais espec\u00edficas que foram entregues.\u00a0 Vejam o checklist a seguir.<\/p>\n<p><a href=\"https:\/\/cidadesantigo.cbcs.org.br\/wp-content\/uploads\/pdf\/Checklist-Guia_de_Acoes_para_Jaboatao_dos_Guararapes_resumo.pdf\">Checklist &#8211; Guia de A\u00e7\u00f5es para Jaboat\u00e3o dos Guararapes (resumo)<\/a><\/p>\n<p><a href=\"https:\/\/cidadesantigo.cbcs.org.br\/wp-content\/uploads\/pdf\/Checklist-Guia_de_Acoes_Jaboatao_dos_Guararapes_estendido.pdf\">Checklist &#8211; Guia de A\u00e7\u00f5es para Jaboat\u00e3o dos Guararapes (estendido)<\/a><\/p>\n<p align=\"justify\">Equipe Prefeitura Jaboat\u00e3o dos Guararapes:<\/p>\n<p align=\"justify\">Coordena\u00e7\u00e3o: Eng. Roberto Castelo Branco<\/p>\n<\/div><\/section><\/p><\/div>\n<\/div><\/div>\n<\/div>\n<\/div><\/div><\/div><!-- close content main div --><\/div><\/div><div id='av-layout-grid-3' class='av-layout-grid-container entry-content-wrapper main_color av-flex-cells    container_wrap sidebar_right'   >\n<div class=\"flex_cell no_margin av_one_fourth   \" style='background: #51788e; vertical-align:top; padding:10px; background-color:#51788e; '><div class='flex_cell_inner' ><div class='avia-image-container  av-styling-  noHover  av-overlay-hover-deactivate   avia-align-center '  itemprop=\"ImageObject\" itemscope=\"itemscope\" itemtype=\"https:\/\/schema.org\/ImageObject\"  ><div class='avia-image-container-inner'><div class='avia-image-overlay-wrap'><a href='https:\/\/cidadesantigo.cbcs.org.br\/r\/?page_id=900' class='avia_image'  ><div class='av-image-caption-overlay'><div class='av-caption-image-overlay-bg' style='opacity:0.4; background-color:#000000; '><\/div><div class='av-image-caption-overlay-position'><div class='av-image-caption-overlay-center' style='color:#ffffff; font-size:20px; '><p>Florian\u00f3polis &#8211; SC<\/p>\n<\/div><\/div><\/div><img class='avia_image ' src='https:\/\/cidadesantigo.cbcs.org.br\/wp-content\/uploads\/2016\/05\/66-Florianopolis_5-495x400.jpg' alt='' title='66 - Florianopolis_5'  itemprop=\"thumbnailUrl\"  \/><\/a><\/div><\/div><\/div>\n<\/div><\/div><div class=\"flex_cell no_margin av_one_fourth   \" style='background: #51788e; vertical-align:top; padding:10px; background-color:#51788e; '><div class='flex_cell_inner' ><div class='avia-image-container  av-styling-  noHover  av-overlay-hover-deactivate   avia-align-center '  itemprop=\"ImageObject\" itemscope=\"itemscope\" itemtype=\"https:\/\/schema.org\/ImageObject\"  ><div class='avia-image-container-inner'><div class='avia-image-overlay-wrap'><a href='https:\/\/cidadesantigo.cbcs.org.br\/r\/?page_id=930' class='avia_image'  ><div class='av-image-caption-overlay'><div class='av-caption-image-overlay-bg' style='opacity:0.4; background-color:#000000; '><\/div><div class='av-image-caption-overlay-position'><div class='av-image-caption-overlay-center' style='color:#ffffff; font-size:20px; '><p>Sorocaba &#8211; SP<\/p>\n<\/div><\/div><\/div><img class='avia_image ' src='https:\/\/cidadesantigo.cbcs.org.br\/wp-content\/uploads\/2016\/05\/sorocaba_2-495x400.jpg' alt='' title='sorocaba_2'  itemprop=\"thumbnailUrl\"  \/><\/a><\/div><\/div><\/div>\n<\/div><\/div><div class=\"flex_cell no_margin av_one_fourth   \" style='background: #51788e; vertical-align:top; padding:10px; background-color:#51788e; '><div class='flex_cell_inner' ><div class='avia-image-container  av-styling-  noHover  av-overlay-hover-deactivate   avia-align-center '  itemprop=\"ImageObject\" itemscope=\"itemscope\" itemtype=\"https:\/\/schema.org\/ImageObject\"  ><div class='avia-image-container-inner'><div class='avia-image-overlay-wrap'><a href='https:\/\/cidadesantigo.cbcs.org.br\/r\/?page_id=1203' class='avia_image'  ><div class='av-image-caption-overlay'><div class='av-caption-image-overlay-bg' style='opacity:0.4; background-color:#000000; '><\/div><div class='av-image-caption-overlay-position'><div class='av-image-caption-overlay-center' style='color:#ffffff; font-size:20px; '><p>Rio de Janeiro &#8211; RJ<\/p>\n<\/div><\/div><\/div><img class='avia_image ' src='https:\/\/cidadesantigo.cbcs.org.br\/wp-content\/uploads\/2022\/05\/RJ-2-495x400.jpg' alt='' title='Rio de Janeiro - RJ'  itemprop=\"thumbnailUrl\"  \/><\/a><\/div><\/div><\/div>\n<\/div><\/div><div class=\"flex_cell no_margin av_one_fourth   \" style='background: #51788e; vertical-align:top; padding:10px; background-color:#51788e; '><div class='flex_cell_inner' ><div class='avia-image-container  av-styling-  noHover  av-overlay-hover-deactivate   avia-align-center '  itemprop=\"ImageObject\" itemscope=\"itemscope\" itemtype=\"https:\/\/schema.org\/ImageObject\"  ><div class='avia-image-container-inner'><div class='avia-image-overlay-wrap'><a href='https:\/\/cidadesantigo.cbcs.org.br\/r\/?page_id=1224' class='avia_image'  ><div class='av-image-caption-overlay'><div class='av-caption-image-overlay-bg' style='opacity:0.4; background-color:#000000; '><\/div><div class='av-image-caption-overlay-position'><div class='av-image-caption-overlay-center' style='color:#ffffff; font-size:20px; '><p>Munic\u00edpios Catarinenses<\/p>\n<\/div><\/div><\/div><img class='avia_image ' src='https:\/\/cidadesantigo.cbcs.org.br\/wp-content\/uploads\/2016\/05\/viajar-para-balneario-camboriu-na-alta-temporada-495x400.jpg' alt='' title='viajar-para-balneario-camboriu-na-alta-temporada'  itemprop=\"thumbnailUrl\"  \/><\/a><\/div><\/div><\/div>\n<\/div><\/div><\/div><\/div><\/div><\/div><!-- close content main div --><\/div><\/div><div id='welcome' class='av-layout-grid-container entry-content-wrapper main_color av-fixed-cells    container_wrap sidebar_right'   >\n<div class=\"flex_cell no_margin av_one_fourth   av-zero-padding \" style='height:15px; min-height:15px;background: #95c11f; vertical-align:top; padding:0px; background-color:#95c11f; '><div class='flex_cell_inner' ><\/div><\/div><div class=\"flex_cell no_margin av_one_fourth   av-zero-padding \" style='height:15px; min-height:15px;background: #51788e; vertical-align:top; padding:0px; background-color:#51788e; '><div class='flex_cell_inner' ><\/div><\/div><div class=\"flex_cell no_margin av_one_fourth   av-zero-padding \" style='height:15px; min-height:15px;background: #88bde8; vertical-align:top; padding:0px; background-color:#88bde8; '><div class='flex_cell_inner' ><\/div><\/div><div class=\"flex_cell no_margin av_one_fourth   av-zero-padding \" style='height:15px; min-height:15px;background: #d4e5f7; vertical-align:top; padding:0px; background-color:#d4e5f7; '><div class='flex_cell_inner' ><\/div><\/div>\n<\/div><\/p>\n","protected":false},"excerpt":{"rendered":"","protected":false},"author":1,"featured_media":0,"parent":0,"menu_order":0,"comment_status":"closed","ping_status":"closed","template":"","meta":{"footnotes":""},"_links":{"self":[{"href":"https:\/\/cidadesantigo.cbcs.org.br\/r\/index.php?rest_route=\/wp\/v2\/pages\/920"}],"collection":[{"href":"https:\/\/cidadesantigo.cbcs.org.br\/r\/index.php?rest_route=\/wp\/v2\/pages"}],"about":[{"href":"https:\/\/cidadesantigo.cbcs.org.br\/r\/index.php?rest_route=\/wp\/v2\/types\/page"}],"author":[{"embeddable":true,"href":"https:\/\/cidadesantigo.cbcs.org.br\/r\/index.php?rest_route=\/wp\/v2\/users\/1"}],"replies":[{"embeddable":true,"href":"https:\/\/cidadesantigo.cbcs.org.br\/r\/index.php?rest_route=%2Fwp%2Fv2%2Fcomments&post=920"}],"version-history":[{"count":0,"href":"https:\/\/cidadesantigo.cbcs.org.br\/r\/index.php?rest_route=\/wp\/v2\/pages\/920\/revisions"}],"wp:attachment":[{"href":"https:\/\/cidadesantigo.cbcs.org.br\/r\/index.php?rest_route=%2Fwp%2Fv2%2Fmedia&parent=920"}],"curies":[{"name":"wp","href":"https:\/\/api.w.org\/{rel}","templated":true}]}}