{"id":803,"date":"2018-11-25T10:43:57","date_gmt":"2018-11-25T12:43:57","guid":{"rendered":"http:\/\/webisa.com.br\/cbcs\/?page_id=803"},"modified":"2018-12-14T08:54:35","modified_gmt":"2018-12-14T10:54:35","slug":"geracao-distribuida-de-energia","status":"publish","type":"page","link":"https:\/\/cidadesantigo.cbcs.org.br\/r\/?page_id=803","title":{"rendered":"Gera\u00e7\u00e3o Distribu\u00edda de Energia"},"content":{"rendered":"<\/div><\/div><\/div><!-- close content main div --><\/div><\/div><div id='welcome' class='av-layout-grid-container entry-content-wrapper main_color av-fixed-cells    container_wrap sidebar_right'   >\n<div class=\"flex_cell no_margin av_one_fourth   av-zero-padding \" style='height:15px; min-height:15px;background: #95c11f; vertical-align:top; padding:0px; background-color:#95c11f; '><div class='flex_cell_inner' ><\/div><\/div><div class=\"flex_cell no_margin av_one_fourth   av-zero-padding \" style='height:15px; min-height:15px;background: #51788e; vertical-align:top; padding:0px; background-color:#51788e; '><div class='flex_cell_inner' ><\/div><\/div><div class=\"flex_cell no_margin av_one_fourth   av-zero-padding \" style='height:15px; min-height:15px;background: #88bde8; vertical-align:top; padding:0px; background-color:#88bde8; '><div class='flex_cell_inner' ><\/div><\/div><div class=\"flex_cell no_margin av_one_fourth   av-zero-padding \" style='height:15px; min-height:15px;background: #d4e5f7; vertical-align:top; padding:0px; background-color:#d4e5f7; '><div class='flex_cell_inner' ><\/div><\/div>\n<\/div>\n<\/div><\/div><\/div><!-- close content main div --><\/div><\/div><div id='benchmarking' class='av-layout-grid-container entry-content-wrapper main_color av-flex-cells    container_wrap sidebar_right'   >\n<div class=\"flex_cell no_margin av_one_full   \" style='background: #ffffff; vertical-align:top; padding:30px; background-color:#ffffff; '><div class='flex_cell_inner' ><div class=\"flex_column av_one_full  av-animated-generic top-to-bottom  flex_column_div first  \" style='padding:0px 10% 0px 10% ; border-radius:0px; '><p><div style='padding-bottom:10px; color:#4b788b;font-size:42px;' class='av-special-heading av-special-heading-h2 custom-color-heading blockquote modern-quote   av-inherit-size '><h2 class='av-special-heading-tag '  itemprop=\"headline\"  >Gera\u00e7\u00e3o Distribu\u00edda<\/h2><div class='special-heading-border'><div class='special-heading-inner-border' style='border-color:#4b788b'><\/div><\/div><\/div><br \/>\n<section class=\"av_textblock_section \"  itemscope=\"itemscope\" itemtype=\"https:\/\/schema.org\/CreativeWork\" ><div class='avia_textblock  '   itemprop=\"text\" ><p><b>Descri\u00e7\u00e3o<\/b><span data-ccp-props=\"{\">\u00a0<\/span><\/p>\n<p>Gera\u00e7\u00e3o Distribu\u00edda (GD) \u00e9 definida como a gera\u00e7\u00e3o de energia de forma descentralizada, realizada junta ou pr\u00f3xima aos consumidores de energia, independendo da tecnologia ou da fonte de energia considerada. Os principais exemplos de fontes de gera\u00e7\u00e3o distribu\u00edda\u00a0<b>renov\u00e1vel\u00a0<\/b>s\u00e3o a\u00a0<b>solar fotovoltaica, e\u00f3lica e biomassa<\/b>, enquanto microturbinas e\u00a0motogeradores\u00a0a g\u00e1s natural, motores a diesel e cogera\u00e7\u00e3o s\u00e3o exemplos de fontes n\u00e3o renov\u00e1veis. No setor industrial, res\u00edduos de processos como os gases de alto forno em sider\u00fargicas tamb\u00e9m s\u00e3o considerados fontes de energia de gera\u00e7\u00e3o distribu\u00edda. No setor de edifica\u00e7\u00f5es, as formas mais comuns de\u00a0gera\u00e7\u00e3o\u00a0distribu\u00edda\u00a0s\u00e3o a fotovoltaica, a e\u00f3lica, e\u00a0motogeradores\u00a0a diesel ou g\u00e1s natural para suprimento el\u00e9trico no hor\u00e1rio de pico ou para emerg\u00eancias.\u00a0<span data-ccp-props=\"{\">\u00a0<\/span><\/p>\n<p>Tendo em vista a diversifica\u00e7\u00e3o da matriz energ\u00e9tica nacional e a redu\u00e7\u00e3o de gases do efeito estufa (GEE), a\u00a0gera\u00e7\u00e3o distribu\u00edda\u00a0a partir de fontes renov\u00e1veis se configura hoje como uma poss\u00edvel e pr\u00f3xima alternativa ao atual modelo de planejamento da expans\u00e3o do sistema energ\u00e9tico brasileiro. De acordo com a Empresa de Pesquisa Energ\u00e9tica (EPE, 2016), no horizonte decenal, estima-se que esta alternativa de atendimento permita abater aproximadamente 92\u00a0TWh\u00a0da demanda de eletricidade. \u00c9 poss\u00edvel acompanhar a GD de energia el\u00e9trica por unidades consumidoras no\u00a0<a href=\"http:\/\/www.aneel.gov.br\/outorgas\/geracao\/-\/asset_publisher\/mJhnKIi7qcJG\/content\/registro-de-central-geradora-de-capacidade-reduzida\/655808?inheritRedirect=false&amp;redirect=http%3A%2F%2Fwww.aneel.gov.br%2Foutorgas%2Fgeracao%3Fp_p_id%3D101_INSTANCE_mJhnKIi7qcJG%26p_p_lifecycle%3D0%26p_p_state%3Dnormal%26p_p_mode%3Dview%26p_p_col_id%3Dcolumn-2%26p_p_col_pos%3D1%26p_p_col_count%3D2\">site da ANEEL<\/a>. Mais informa\u00e7\u00f5es est\u00e3o dispon\u00edveis em:\u00a0<a href=\"http:\/\/www.aneel.gov.br\/geracao-distribuida\">http:\/\/www.aneel.gov.br\/geracao-distribuida<\/a>.<span data-ccp-props=\"{\">\u00a0<\/span><\/p>\n<p><b>Implementa\u00e7\u00e3o<\/b><span data-ccp-props=\"{\">\u00a0<\/span><\/p>\n<p>Os sistemas de gera\u00e7\u00e3o de energia podem ser conectados \u00e0 rede de distribui\u00e7\u00e3o (<i>on<\/i><i>\u00a0grid<\/i>) ou operar de forma aut\u00f4noma, isolados da rede (<i>off grid<\/i>). No Brasil, a gera\u00e7\u00e3o de energia el\u00e9trica e de\u00a0biometano\u00a0s\u00e3o regulamentadas para a\u00a0gera\u00e7\u00e3o distribu\u00edda\u00a0e podem ser integradas na rede de distribui\u00e7\u00e3o. A\u00a0gera\u00e7\u00e3o distribu\u00edda\u00a0de\u00a0<b>energia el\u00e9trica<\/b>\u00a0\u00e9 regulamentada pelas resolu\u00e7\u00f5es normativas da Ag\u00eancia Nacional de Energia El\u00e9trica (ANEEL), REN N\u00ba 482\/2012 e REN N\u00ba 687\/2015, que estabelecem as condi\u00e7\u00f5es gerais para o acesso e inje\u00e7\u00e3o de energia na rede do Sistema Interligado Nacional (SIN) e o sistema de compensa\u00e7\u00e3o de energia el\u00e9trica. A\u00a0gera\u00e7\u00e3o distribu\u00edda\u00a0de\u00a0<b>biometano<\/b>\u00a0\u00e9 regulamentada pelas resolu\u00e7\u00f5es da Ag\u00eancia Nacional do Petr\u00f3leo, G\u00e1s Natural e Biocombust\u00edveis (ANP), ANP N\u00ba 8\/2015 e ANP N\u00ba 685\/2017, que estabelecem as diretrizes de controle de qualidade e especifica\u00e7\u00f5es do g\u00e1s a ser injetado na rede.\u00a0\u00a0<span data-ccp-props=\"{\">\u00a0<\/span><\/p>\n<p>Os governos federais, estaduais e municipais desempenham um papel importante no est\u00edmulo\u00a0\u00e0\u00a0gera\u00e7\u00e3o distribu\u00edda. Diferentes programas de incentivo t\u00eam sido desenvolvidos, muitos ligados \u00e0 gera\u00e7\u00e3o de energia solar fotovoltaica (FV), que apresentou um crescimento expressivo nos \u00faltimos anos, em edif\u00edcios p\u00fablicos e em habita\u00e7\u00f5es de interesse social (HIS). De forma geral, os munic\u00edpios podem incentivar a gera\u00e7\u00e3o distribu\u00edda das seguintes formas:<span data-ccp-props=\"{\">\u00a0<\/span><\/p>\n<ul>\n<li data-leveltext=\"\uf0b7\" data-font=\"Symbol\" data-listid=\"13\" aria-setsize=\"-1\" data-aria-posinset=\"1\" data-aria-level=\"1\">Programas de instala\u00e7\u00e3o de m\u00f3dulos geradores em edif\u00edcios p\u00fablicos municipais,\u00a0<span data-ccp-props=\"{\">\u00a0<\/span><\/li>\n<li data-leveltext=\"\uf0b7\" data-font=\"Symbol\" data-listid=\"13\" aria-setsize=\"-1\" data-aria-posinset=\"2\" data-aria-level=\"1\">Programas de instala\u00e7\u00e3o de m\u00f3dulos geradores em habita\u00e7\u00f5es de interesse social,<span data-ccp-props=\"{\">\u00a0<\/span><\/li>\n<\/ul>\n<ul>\n<li data-leveltext=\"\uf0b7\" data-font=\"Symbol\" data-listid=\"13\" aria-setsize=\"-1\" data-aria-posinset=\"1\" data-aria-level=\"1\">Redu\u00e7\u00e3o de impostos para edifica\u00e7\u00f5es que instalarem m\u00f3dulos geradores,\u00a0como\u00a0por exemplo como parte dos crit\u00e9rios para concess\u00e3o do IPTU Verde\u00a0(tarifa\u00e7\u00e3o de IPTU espec\u00edfica de alguns munic\u00edpios brasileiros)\u00a0.<span data-ccp-props=\"{\">\u00a0<\/span><\/li>\n<li data-leveltext=\"\uf0b7\" data-font=\"Symbol\" data-listid=\"13\" aria-setsize=\"-1\" data-aria-posinset=\"2\" data-aria-level=\"1\">Fomentar o mercado de fornecedores de equipamentos para gera\u00e7\u00e3o renov\u00e1vel;<span data-ccp-props=\"{\">\u00a0<\/span><\/li>\n<li data-leveltext=\"\uf0b7\" data-font=\"Symbol\" data-listid=\"13\" aria-setsize=\"-1\" data-aria-posinset=\"3\" data-aria-level=\"1\">Alugar as coberturas dos edif\u00edcios p\u00fablicos municipais para gera\u00e7\u00e3o fotovoltaica.<span data-ccp-props=\"{\">\u00a0<\/span><\/li>\n<\/ul>\n<p>Um\u00a0<a href=\"https:\/\/climatepolicyinitiative.org\/publication\/geracao-fotovoltaica-distribuida-um-mercado-em-desenvolvimento\/\">estudo do\u00a0<i>Climate<\/i><i>\u00a0<\/i><i>Policy<\/i><i>\u00a0<\/i><i>Initiave<\/i>\u00a0(CPI) da PUC Rio<\/a>\u00a0que analisou 5.563 munic\u00edpios brasileiros aponta que o desenvolvimento do setor de gera\u00e7\u00e3o de energia solar fotovoltaica descentralizada n\u00e3o ocorre somente pela\u00a0disponibilidade de recursos naturais, mas tamb\u00e9m por aspectos de demanda como renda, tamanho da popula\u00e7\u00e3o e tarifa de energia el\u00e9trica. Dentre as conclus\u00f5es do estudo destaca-se:<span data-ccp-props=\"{\">\u00a0<\/span><\/p>\n<ul>\n<li data-leveltext=\"\uf0b7\" data-font=\"Symbol\" data-listid=\"15\" aria-setsize=\"-1\" data-aria-posinset=\"1\" data-aria-level=\"1\">Quanto maior a tarifa de energia no munic\u00edpio, maior \u00e9 o incentivo para se investir em pain\u00e9is de gera\u00e7\u00e3o solar;<span data-ccp-props=\"{\">\u00a0<\/span><\/li>\n<li data-leveltext=\"\uf0b7\" data-font=\"Symbol\" data-listid=\"15\" aria-setsize=\"-1\" data-aria-posinset=\"2\" data-aria-level=\"1\">Quanto maior a popula\u00e7\u00e3o do munic\u00edpio, maior \u00e9 o n\u00famero de unidades com gera\u00e7\u00e3o fotovoltaica,\u00a0<span data-ccp-props=\"{\">\u00a0<\/span><\/li>\n<li data-leveltext=\"\uf0b7\" data-font=\"Symbol\" data-listid=\"15\" aria-setsize=\"-1\" data-aria-posinset=\"3\" data-aria-level=\"1\">Quanto maior a renda dos munic\u00edpios, maior \u00e9 o n\u00famero de consumidores com recursos para investir na instala\u00e7\u00e3o de pain\u00e9is.<span data-ccp-props=\"{\">\u00a0<\/span><\/li>\n<\/ul>\n<p><b>Estudos de Caso Nacionais<\/b><span data-ccp-props=\"{\">\u00a0<\/span><\/p>\n<p><b>PRODEEM<\/b><span data-ccp-props=\"{\">\u00a0<\/span><\/p>\n<p>O Programa de Desenvolvimento Energ\u00e9tico dos Estados e Munic\u00edpios (PRODEEM), coordenado pelo Minist\u00e9rio de Minas e Energia desde 1994, e posteriormente o programa LUZ PARA TODOS, visaram fornecer energia el\u00e9trica a regi\u00f5es remotas e fora do alcance da rede convencional de energia. A solu\u00e7\u00e3o buscada foi atrav\u00e9s de fontes de energias renov\u00e1veis e descentralizadas. De acordo com dados do Minist\u00e9rio de Minas e Energia, j\u00e1 foram instalados o equivalente a 5\u00a0MWp\u00a0em aproximadamente 7.000 comunidades espalhadas por todo o Brasil.<span data-ccp-props=\"{\">\u00a0<\/span><\/p>\n<p><b>Gera\u00e7\u00e3o fotovoltaica em Habita\u00e7\u00e3o de Interesse Social (HIS)<\/b><span data-ccp-props=\"{\">\u00a0<\/span><\/p>\n<p>Uma das primeiras experi\u00eancias da implementa\u00e7\u00e3o de gera\u00e7\u00e3o de energia fotovoltaica em habita\u00e7\u00e3o social fica em Juazeiro, na Bahia, e atende mil fam\u00edlias dos condom\u00ednios Morada do Salitre e Praia do\u00a0Rodeadouro, com pot\u00eancia instalada de 2,1\u00a0MWp.\u00a0Foi\u00a0inaugurada\u00a0uma\u00a0microusina\u00a0fotovoltaica, que conta com 9.144 pain\u00e9is fotovoltaicos nos telhados dos\u00a0edif\u00edcios com quatro ou seis pavimentos, com investimento realizado total\u00a0de\u00a07 milh\u00f5es de reais. O sistema de gera\u00e7\u00e3o fotovoltaica \u00e9 conectado \u00e0 rede da Coelba (distribuidora local) e tem contrato com os condom\u00ednios para comercializar a energia gerada no mercado livre. Da receita total de venda da energia, 60% s\u00e3o destinados \u00e0s fam\u00edlias, 30% v\u00e3o para um fundo para melhorias e benef\u00edcios do uso comum, e os outros 10% cobrem as despesas de manuten\u00e7\u00e3o do condom\u00ednio.<span data-ccp-props=\"{\">\u00a0<\/span><\/p>\n<p>Apesar de o modelo de Juazeiro n\u00e3o ser replic\u00e1vel, por ter se tratado de um projeto piloto, ele serviu de experi\u00eancia para embasar o projeto de lei PLS 224\/2015, que trata da instala\u00e7\u00e3o de pain\u00e9is solares fotovoltaicos para a gera\u00e7\u00e3o de energia el\u00e9trica nas unidades habitacionais do Programa Minha Casa, Minha Vida. A proposta envolve a instala\u00e7\u00e3o de pain\u00e9is de gera\u00e7\u00e3o de energia, com isen\u00e7\u00e3o da Tarifa Social de Energia El\u00e9trica para os benefici\u00e1rios. A tramita\u00e7\u00e3o do projeto de lei pode ser acompanhada no site do Senado Federal:\u00a0<a href=\"https:\/\/www25.senado.leg.br\/web\/atividade\/materias\/-\/materia\/120762\">https:\/\/www25.senado.leg.br\/web\/atividade\/materias\/-\/materia\/120762<\/a>.\u00a0<span data-ccp-props=\"{\">\u00a0<\/span><\/p>\n<p><b>Gera\u00e7\u00e3o fotovoltaica na sede do MME<\/b><span data-ccp-props=\"{\">\u00a0<\/span><\/p>\n<p>Inaugurado em 2016, o sistema de gera\u00e7\u00e3o distribu\u00edda solar fotovoltaica instalado na cobertura do edif\u00edcio-sede do Minist\u00e9rio de Minas e Energia (MME), em Bras\u00edlia, \u00e9 fruto de um acordo de coopera\u00e7\u00e3o t\u00e9cnica entre o MME e a Associa\u00e7\u00e3o Brasileira de Energia Solar Fotovoltaica (ABSOLAR). O sistema de 60\u00a0kWp\u00a0(quilowatts pico) conta com 154 pain\u00e9is e gera a energia correspondente a 5 a 7% do consumo do edif\u00edcio.<span data-ccp-props=\"{\">\u00a0<\/span><\/p>\n<p><b>Programa Palmas Solar<\/b><span data-ccp-props=\"{\">\u00a0<\/span><\/p>\n<p>O Programa Palmas Solar foi criado em 2015 atrav\u00e9s da\u00a0<a href=\"https:\/\/legislativo.palmas.to.gov.br\/media\/leis\/lei-complementar-327-2015-11-24-25-11-2015-17-35-2.pdf\">Lei Complementar N\u00ba 327<\/a>\u00a0para estabelecer incentivos ao desenvolvimento tecnol\u00f3gico, uso e instala\u00e7\u00e3o de sistemas de aproveitamento de energia solar em Palmas, no\u00a0Tocantins. O Programa contempla sistemas solares de aquecimento de \u00e1gua e sistemas fotovoltaicos de gera\u00e7\u00e3o de energia el\u00e9trica. Desde sua regulamenta\u00e7\u00e3o em 2016, mais de 2,5 milh\u00f5es de reais foram investidos em servi\u00e7os e projetos de energia fotovoltaica. A Capital conta com 54 im\u00f3veis com sistemas j\u00e1 em funcionamento e gerando 713\u00a0kWp\u00a0(quilowatts pico). Dentre as disposi\u00e7\u00f5es e instrumentos do Programa est\u00e3o:<span data-ccp-props=\"{\">\u00a0<\/span><\/p>\n<ul>\n<li data-leveltext=\"\uf0b7\" data-font=\"Symbol\" data-listid=\"16\" aria-setsize=\"-1\" data-aria-posinset=\"1\" data-aria-level=\"1\">Obrigatoriedade de instala\u00e7\u00e3o de sistema de gera\u00e7\u00e3o FV para todas as novas obras e\/ou reformas em edifica\u00e7\u00f5es p\u00fablicas que impliquem em amplia\u00e7\u00e3o de \u00e1rea ou de consumo energ\u00e9tico no munic\u00edpio;<span data-ccp-props=\"{\">\u00a0<\/span><\/li>\n<li data-leveltext=\"\uf0b7\" data-font=\"Symbol\" data-listid=\"16\" aria-setsize=\"-1\" data-aria-posinset=\"2\" data-aria-level=\"1\">Desconto de at\u00e9 80% do Imposto Predial e Territorial Urbano (IPTU), proporcional ao \u00edndice de aproveitamento de energia solar;\u00a0<span data-ccp-props=\"{\">\u00a0<\/span><\/li>\n<li data-leveltext=\"\uf0b7\" data-font=\"Symbol\" data-listid=\"16\" aria-setsize=\"-1\" data-aria-posinset=\"3\" data-aria-level=\"1\">Desconto de 80% do Imposto Sobre Servi\u00e7os de Qualquer Natureza (ISSQN) incidente sobre os projetos, as obras e instala\u00e7\u00f5es destinadas \u00e0 fabrica\u00e7\u00e3o, comercializa\u00e7\u00e3o e distribui\u00e7\u00e3o de componentes para os sistemas de energia solar; e sobre os servi\u00e7os de instala\u00e7\u00e3o, opera\u00e7\u00e3o e manuten\u00e7\u00e3o dos sistemas de energia solar, pelo prazo de at\u00e9 10 (dez) anos;<span data-ccp-props=\"{\">\u00a0<\/span><\/li>\n<\/ul>\n<ul>\n<li data-leveltext=\"\uf0b7\" data-font=\"Symbol\" data-listid=\"16\" aria-setsize=\"-1\" data-aria-posinset=\"1\" data-aria-level=\"1\">Desconto de at\u00e9 80% do Imposto de Transfer\u00eancia de Bens Im\u00f3veis (ITBI), proporcional ao \u00edndice de aproveitamento de energia solar;<span data-ccp-props=\"{\">\u00a0<\/span><\/li>\n<li data-leveltext=\"\uf0b7\" data-font=\"Symbol\" data-listid=\"16\" aria-setsize=\"-1\" data-aria-posinset=\"2\" data-aria-level=\"1\">Financiamento da produ\u00e7\u00e3o, presta\u00e7\u00e3o de servi\u00e7os e pequenas instala\u00e7\u00f5es de sistemas solares atrav\u00e9s do Fundo de Economia Solid\u00e1ria e Popular (Banco do Povo);<span data-ccp-props=\"{\">\u00a0<\/span><\/li>\n<li data-leveltext=\"\uf0b7\" data-font=\"Symbol\" data-listid=\"16\" aria-setsize=\"-1\" data-aria-posinset=\"3\" data-aria-level=\"1\">Desconto de at\u00e9 25% do valor apurado para outorga onerosa do direito de construir, da mudan\u00e7a de uso ou da regulariza\u00e7\u00e3o de edifica\u00e7\u00f5es, proporcional ao \u00edndice de aproveitamento de energia solar.<\/li>\n<\/ul>\n<div id=\"attachment_807\" style=\"width: 220px\" class=\"wp-caption aligncenter\"><img loading=\"lazy\" decoding=\"async\" aria-describedby=\"caption-attachment-807\" class=\"wp-image-807 size-full\" src=\"https:\/\/cidadesantigo.cbcs.org.br\/wp-content\/uploads\/2018\/11\/figura37.jpg\" alt=\"\" width=\"210\" height=\"131\" \/><p id=\"caption-attachment-807\" class=\"wp-caption-text\">Figura 37. Logo do Projeto de Palmas Solar Fonte: Prefeitura de Palmas, 2018.<\/p><\/div>\n<p><b>Programa Goi\u00e2nia Solar<\/b><span data-ccp-props=\"{\">\u00a0<\/span><\/p>\n<p>A prefeitura de Goi\u00e2nia vem trabalhando na municipaliza\u00e7\u00e3o do programa Goi\u00e1s Solar, implementado em fevereiro de 2017 como parte da pol\u00edtica estadual de Goi\u00e1s de energias renov\u00e1veis, que tem por intuito fomentar a gera\u00e7\u00e3o e o uso de energia fotovoltaica no Estado. De acordo com o Gerente de Formula\u00e7\u00e3o de Pol\u00edticas e Pesquisa Ambiental na Ag\u00eancia Municipal de Meio Ambiente (AMMA) de Goi\u00e2nia, a minuta de Lei do programa \u201cGoi\u00e2nia Solar\u201d visa ampliar o desconto dado no\u00a0seu\u00a0IPTU Verde para que haja um maior incentivo \u00e0 energia solar, dentre outros instrumentos e incentivos fiscais.\u00a0<span data-ccp-props=\"{\">\u00a0<\/span><\/p>\n<p><b>Estudo<\/b><b>\u00a0de caso internacional<\/b><span data-ccp-props=\"{\">\u00a0<\/span><\/p>\n<p><b>Aluguel de coberturas de edif\u00edcios municipais na cidade de Kansas, Missouri, EUA<\/b><span data-ccp-props=\"{\">\u00a0<\/span><\/p>\n<p>A cidade de Kansas, nos Estados Unidos (EUA), n\u00e3o conta com sol abundante nem com alto custo da eletricidade, fatores que impulsionam a gera\u00e7\u00e3o de energia\u00a0fotovoltaica\u00a0nas\u00a0cidades. Apesar disso, Kansas tem 25 kW de\u00a0sistemas fotovoltaicos instalados em mais de 60 edif\u00edcios p\u00fablicos municipais atrav\u00e9s de contratos de arredamento de suas coberturas.<span data-ccp-props=\"{\">\u00a0<\/span><\/p>\n<p>Os sistemas de gera\u00e7\u00e3o\u00a0fotovoltaica\u00a0economizaram em torno de 40.000 d\u00f3lares de eletricidade em seu primeiro ano de opera\u00e7\u00e3o, sendo que os contratos de aluguel permitiram atingir esta economia com zero custos iniciais para a prefeitura. A cidade arrenda as coberturas para uma empresa de energia solar e para a concession\u00e1ria de energia local.<span data-ccp-props=\"{\">\u00a0<\/span><\/p>\n<p><b>Refer\u00eancia<\/b><b>s e onde encontrar mais informa\u00e7\u00f5es<\/b><span data-ccp-props=\"{\">\u00a0<\/span><\/p>\n<p><b>Balan\u00e7o Energ\u00e9tico Nacional (BEN)<\/b><b>, preparado anualmente pela Empresa de Pesquisa Energ\u00e9tica (EPE)<\/b>\u00a0<a href=\"https:\/\/ben.epe.gov.br\/default.aspx\">https:\/\/ben.epe.gov.br\/default.aspx<\/a>.\u00a0<span data-ccp-props=\"{\">\u00a0<\/span><\/p>\n<p><b>Folheto informativo do PRODEEM\u00a0<\/b><a href=\"http:\/\/www.cresesb.cepel.br\/publicacoes\/download\/periodicos\/informe_prodeem.pdf\">http:\/\/www.cresesb.cepel.br\/publicacoes\/download\/periodicos\/informe_prodeem.pdf<\/a><span data-ccp-props=\"{\">\u00a0<\/span><\/p>\n<p><b>I<\/b><b>nforma\u00e7\u00f5es sobre implanta\u00e7\u00e3o de gera\u00e7\u00e3o\u00a0<\/b><b>fotovoltaica<\/b><b>\u00a0no Programa Minha Casa, Minha Vida<\/b>\u00a0<a href=\"https:\/\/www12.senado.leg.br\/noticias\/materias\/2017\/12\/01\/comissao-vota-instalacao-de-energia-solar-em-unidades-do-minha-casa-minha-vida\">https:\/\/www12.senado.leg.br\/noticias\/materias\/2017\/12\/01\/comissao-vota-instalacao-de-energia-solar-em-unidades-do-minha-casa-minha-vida<\/a>\u00a0<a href=\"https:\/\/www25.senado.leg.br\/web\/atividade\/materias\/-\/materia\/120762\">https:\/\/www25.senado.leg.br\/web\/atividade\/materias\/-\/materia\/120762<\/a><span data-ccp-props=\"{\">\u00a0<\/span><\/p>\n<p><b>Usina solar na sede do Minist\u00e9rio de Minas e Energia (MME)<\/b>\u00a0<a href=\"http:\/\/www.mme.gov.br\/web\/guest\/pagina-inicial\/outras-noticas\/-\/asset_publisher\/32hLrOzMKwWb\/content\/mme-inaugura-1-usina-solar-distribuida-em-predio-do-governo-federal\">http:\/\/www.mme.gov.br\/web\/guest\/pagina-inicial\/outras-noticas\/-\/asset_publisher\/32hLrOzMKwWb\/content\/mme-inaugura-1-usina-solar-distribuida-em-predio-do-governo-federal<\/a><span data-ccp-props=\"{\">\u00a0<\/span><\/p>\n<p><b>Sobre o Programa Palmas Solar<\/b>\u00a0<a href=\"http:\/\/www.palmas.to.gov.br\/secretaria\/energias-sustentaveis\/noticia\/1506947\/palmas-solar-movimentou-mais-de-r-25-milhoes-na-capital-em-dois-anos\/\">http:\/\/www.palmas.to.gov.br\/secretaria\/energias-sustentaveis\/noticia\/1506947\/palmas-solar-movimentou-mais-de-r-25-milhoes-na-capital-em-dois-anos\/<\/a><span data-ccp-props=\"{\">\u00a0<\/span><\/p>\n<p><b>Sobre o a<\/b><b>luguel de coberturas de edif\u00edcios municipais na cidade de Kansas, Missouri, EUA<\/b><b>\u00a0<\/b>(p\u00e1ginas em ingl\u00eas)\u00a0\u00a0\u00a0\u00a0\u00a0\u00a0\u00a0\u00a0\u00a0\u00a0\u00a0\u00a0\u00a0\u00a0\u00a0\u00a0\u00a0\u00a0\u00a0\u00a0\u00a0\u00a0\u00a0\u00a0\u00a0\u00a0\u00a0\u00a0\u00a0\u00a0\u00a0\u00a0\u00a0\u00a0\u00a0\u00a0\u00a0\u00a0\u00a0\u00a0\u00a0\u00a0\u00a0\u00a0\u00a0\u00a0\u00a0\u00a0\u00a0\u00a0\u00a0\u00a0\u00a0\u00a0\u00a0\u00a0\u00a0\u00a0\u00a0\u00a0\u00a0\u00a0\u00a0\u00a0\u00a0\u00a0\u00a0\u00a0\u00a0\u00a0\u00a0\u00a0\u00a0\u00a0\u00a0\u00a0\u00a0\u00a0\u00a0\u00a0\u00a0\u00a0\u00a0\u00a0\u00a0\u00a0\u00a0\u00a0\u00a0\u00a0\u00a0\u00a0\u00a0\u00a0\u00a0\u00a0\u00a0\u00a0\u00a0\u00a0\u00a0\u00a0\u00a0\u00a0\u00a0\u00a0\u00a0\u00a0\u00a0\u00a0\u00a0\u00a0\u00a0\u00a0\u00a0\u00a0\u00a0\u00a0\u00a0\u00a0\u00a0\u00a0\u00a0\u00a0\u00a0\u00a0\u00a0\u00a0\u00a0\u00a0\u00a0\u00a0\u00a0\u00a0\u00a0\u00a0\u00a0\u00a0\u00a0\u00a0\u00a0\u00a0\u00a0\u00a0\u00a0\u00a0\u00a0\u00a0\u00a0\u00a0\u00a0\u00a0\u00a0\u00a0\u00a0\u00a0\u00a0\u00a0\u00a0\u00a0\u00a0\u00a0\u00a0\u00a0\u00a0\u00a0\u00a0\u00a0\u00a0\u00a0\u00a0\u00a0\u00a0\u00a0\u00a0\u00a0\u00a0\u00a0\u00a0\u00a0\u00a0\u00a0\u00a0\u00a0\u00a0<a href=\"http:\/\/ilsr.org\/wp-content\/uploads\/2015\/06\/Public-Rooftop-Revolution-report-ILSR.pdf\">http:\/\/ilsr.org\/wp-content\/uploads\/2015\/06\/Public-Rooftop-Revolution-report-ILSR.pdf<\/a>\u00a0<a href=\"https:\/\/rmi.org\/carbonfreecities\/\">https:\/\/rmi.org\/carbonfreecities\/<\/a>\u00a0<span data-ccp-props=\"{\">\u00a0<\/span><\/p>\n<p><span data-ccp-props=\"{\">\u00a0<\/span><\/p>\n<\/div><\/section><\/p><\/div>\n<\/div><\/div><\/div><div class='avia-button-wrap avia-button-center '><a href='https:\/\/cidadesantigo.cbcs.org.br\/r\/?portfolio=nutrition'  class='avia-button av-icon-on-hover  avia-icon_select-yes-left-icon avia-color-theme-color avia-size-small avia-position-center '   ><span class='avia_button_icon avia_button_icon_left ' aria-hidden='true' data-av_icon='\ue830' data-av_iconfont='entypo-fontello'><\/span><span class='avia_iconbox_title' >Voltar<\/span><\/a><\/div><\/p>\n<\/div><\/div><\/div><!-- close content main div --><\/div><\/div><div id='welcome' class='av-layout-grid-container entry-content-wrapper main_color av-fixed-cells    container_wrap sidebar_right'   >\n<div class=\"flex_cell no_margin av_one_fourth   av-zero-padding \" style='height:15px; min-height:15px;background: #95c11f; vertical-align:top; padding:0px; background-color:#95c11f; '><div class='flex_cell_inner' ><\/div><\/div><div class=\"flex_cell no_margin av_one_fourth   av-zero-padding \" style='height:15px; min-height:15px;background: #51788e; vertical-align:top; padding:0px; background-color:#51788e; '><div class='flex_cell_inner' ><\/div><\/div><div class=\"flex_cell no_margin av_one_fourth   av-zero-padding \" style='height:15px; min-height:15px;background: #88bde8; vertical-align:top; padding:0px; background-color:#88bde8; '><div class='flex_cell_inner' ><\/div><\/div><div class=\"flex_cell no_margin av_one_fourth   av-zero-padding \" style='height:15px; min-height:15px;background: #d4e5f7; vertical-align:top; padding:0px; background-color:#d4e5f7; '><div class='flex_cell_inner' ><\/div><\/div>\n<\/div>\n","protected":false},"excerpt":{"rendered":"","protected":false},"author":1,"featured_media":0,"parent":0,"menu_order":0,"comment_status":"closed","ping_status":"closed","template":"","meta":{"footnotes":""},"_links":{"self":[{"href":"https:\/\/cidadesantigo.cbcs.org.br\/r\/index.php?rest_route=\/wp\/v2\/pages\/803"}],"collection":[{"href":"https:\/\/cidadesantigo.cbcs.org.br\/r\/index.php?rest_route=\/wp\/v2\/pages"}],"about":[{"href":"https:\/\/cidadesantigo.cbcs.org.br\/r\/index.php?rest_route=\/wp\/v2\/types\/page"}],"author":[{"embeddable":true,"href":"https:\/\/cidadesantigo.cbcs.org.br\/r\/index.php?rest_route=\/wp\/v2\/users\/1"}],"replies":[{"embeddable":true,"href":"https:\/\/cidadesantigo.cbcs.org.br\/r\/index.php?rest_route=%2Fwp%2Fv2%2Fcomments&post=803"}],"version-history":[{"count":0,"href":"https:\/\/cidadesantigo.cbcs.org.br\/r\/index.php?rest_route=\/wp\/v2\/pages\/803\/revisions"}],"wp:attachment":[{"href":"https:\/\/cidadesantigo.cbcs.org.br\/r\/index.php?rest_route=%2Fwp%2Fv2%2Fmedia&parent=803"}],"curies":[{"name":"wp","href":"https:\/\/api.w.org\/{rel}","templated":true}]}}