{"id":1309,"date":"2022-06-24T21:51:24","date_gmt":"2022-06-25T00:51:24","guid":{"rendered":"https:\/\/cidadesantigo.cbcs.org.br\/?page_id=1309"},"modified":"2022-07-14T16:18:13","modified_gmt":"2022-07-14T19:18:13","slug":"capacitacao-em-eficiencia-energetica","status":"publish","type":"page","link":"https:\/\/cidadesantigo.cbcs.org.br\/r\/?page_id=1309","title":{"rendered":"Capacita\u00e7\u00e3o em efici\u00eancia energ\u00e9tica"},"content":{"rendered":"<\/div><\/div><\/div><!-- close content main div --><\/div><\/div><div id='welcome' class='av-layout-grid-container entry-content-wrapper main_color av-fixed-cells    container_wrap sidebar_right'   >\n<div class=\"flex_cell no_margin av_one_fourth   av-zero-padding \" style='height:15px; min-height:15px;background: #95c11f; vertical-align:top; padding:0px; background-color:#95c11f; '><div class='flex_cell_inner' ><\/div><\/div><div class=\"flex_cell no_margin av_one_fourth   av-zero-padding \" style='height:15px; min-height:15px;background: #51788e; vertical-align:top; padding:0px; background-color:#51788e; '><div class='flex_cell_inner' ><\/div><\/div><div class=\"flex_cell no_margin av_one_fourth   av-zero-padding \" style='height:15px; min-height:15px;background: #88bde8; vertical-align:top; padding:0px; background-color:#88bde8; '><div class='flex_cell_inner' ><\/div><\/div><div class=\"flex_cell no_margin av_one_fourth   av-zero-padding \" style='height:15px; min-height:15px;background: #d4e5f7; vertical-align:top; padding:0px; background-color:#d4e5f7; '><div class='flex_cell_inner' ><\/div><\/div>\n<\/div>\n<div class=\"flex_column av_one_half  flex_column_div av-zero-column-padding first  \" style='border-radius:0px; '><p><div style='padding-bottom:30px; font-size:32px;' class='av-special-heading av-special-heading-h1  blockquote modern-quote   av-inherit-size '><h1 class='av-special-heading-tag '  itemprop=\"headline\"  > <u>Capacita\u00e7\u00e3o em Efici\u00eancia Energ\u00e9tica<\/u><\/h1><div class='special-heading-border'><div class='special-heading-inner-border' ><\/div><\/div><\/div><br \/>\n<section class=\"av_textblock_section \"  itemscope=\"itemscope\" itemtype=\"https:\/\/schema.org\/CreativeWork\" ><div class='avia_textblock  '   itemprop=\"text\" ><p>Documenta\u00e7\u00e3o resultante da aplica\u00e7\u00e3o de Auditorias e realiza\u00e7\u00e3o de Gincanas Energ\u00e9ticas em edif\u00edcios p\u00fablicos da Prefeitura de Florian\u00f3polis.<\/p>\n<\/div><\/section><br \/>\n<div style='height:25px' class='hr hr-invisible  '><span class='hr-inner ' ><span class='hr-inner-style'><\/span><\/span><\/div><br \/>\n<section class=\"av_textblock_section \"  itemscope=\"itemscope\" itemtype=\"https:\/\/schema.org\/CreativeWork\" ><div class='avia_textblock  '   itemprop=\"text\" ><ul>\n<li>Auditorias:<\/li>\n<\/ul>\n<p><a href=\"https:\/\/cidadesantigo.cbcs.org.br\/wp-content\/uploads\/2022\/06\/2_Auditoria-Energ\u00e9tica-Apresenta\u00e7\u00e3o-10-12-2020_compressed.pdf\">Auditoria Energ\u00e9tica &#8211; Apresenta\u00e7\u00e3o<\/a><\/p>\n<p><a href=\"https:\/\/cidadesantigo.cbcs.org.br\/wp-content\/uploads\/2022\/06\/2_Audit\u00f3rias-Energ\u00e9ticas-Relat\u00f3rio-Final_compressed.pdf\">Audit\u00f3rias Energ\u00e9ticas &#8211; Relat\u00f3rio Final<\/a><\/p>\n<\/div><\/section><br \/>\n<div style='height:25px' class='hr hr-invisible  '><span class='hr-inner ' ><span class='hr-inner-style'><\/span><\/span><\/div><br \/>\n<section class=\"av_textblock_section \"  itemscope=\"itemscope\" itemtype=\"https:\/\/schema.org\/CreativeWork\" ><div class='avia_textblock  '   itemprop=\"text\" ><ul>\n<li>Gincanas Energ\u00e9ticas:<\/li>\n<\/ul>\n<p>Edif\u00edcios SMDU\/IPUF e FLORAM:<\/p>\n<p><a href=\"https:\/\/cidadesantigo.cbcs.org.br\/wp-content\/uploads\/2022\/07\/2_Gincana-Energ\u00e9tica_floram_smdu_compressed.pdf\">Resultado da Gincana no Edif\u00edcio SMDU\/IPUF\/FLORAM_<\/a><\/p>\n<p><a href=\"https:\/\/cidadesantigo.cbcs.org.br\/wp-content\/uploads\/2022\/06\/2_Gincana-Energ\u00e9tica_Infograficos-SMDU_IPUF_FLORAM.pdf\">Infogr\u00e1fico Gincana Energ\u00e9tica &#8211; Edif\u00edcio SMDU\/IPUF\/FLORAM<\/a><\/p>\n<p>Edif\u00edcio Aldo Beck:<\/p>\n<p><a href=\"https:\/\/cidadesantigo.cbcs.org.br\/wp-content\/uploads\/2022\/07\/2_GincanaEnerg\u00e9tica_Aldo_Beck_compressed.pdf\">Resultado da Gincana no Edif\u00edcio Aldo Beck<\/a><\/p>\n<p><a href=\"https:\/\/cidadesantigo.cbcs.org.br\/wp-content\/uploads\/2022\/06\/Infografico-Gincana-Energ\u00e9tica-Aldo-Beck_ENTREGUE.pdf\">\u00a0Infogr\u00e1fico Gincana Energ\u00e9tica &#8211; Edif\u00edcio Aldo Beck<\/a><\/p>\n<\/div><\/section><\/p><\/div>\n<div class=\"flex_column av_one_half  flex_column_div av-zero-column-padding   \" style='border-radius:0px; '><section class=\"av_textblock_section \"  itemscope=\"itemscope\" itemtype=\"https:\/\/schema.org\/CreativeWork\" ><div class='avia_textblock  '   itemprop=\"text\" ><p style=\"text-align: left;\">Adesivos utilizados nas Gincanas Energ\u00e9ticas em Florian\u00f3polis:<\/p>\n<\/div><\/section><br \/>\n<div class='avia-image-container  av-styling-    avia-align-center '  itemprop=\"ImageObject\" itemscope=\"itemscope\" itemtype=\"https:\/\/schema.org\/ImageObject\"  ><div class='avia-image-container-inner'><div class='avia-image-overlay-wrap'><img class='avia_image ' src='https:\/\/cidadesantigo.cbcs.org.br\/wp-content\/uploads\/2022\/07\/adesivos.jpg' alt='' title='adesivos' height=\"621\"width=\"925\"  itemprop=\"thumbnailUrl\"  \/><\/div><\/div><\/div><br \/>\n<section class=\"av_textblock_section \"  itemscope=\"itemscope\" itemtype=\"https:\/\/schema.org\/CreativeWork\" ><div class='avia_textblock  '   itemprop=\"text\" ><p>Download dos adesivos:<\/p>\n<p><a href=\"https:\/\/cidadesantigo.cbcs.org.br\/wp-content\/uploads\/2022\/07\/ilovepdf_merged.pdf\">Adesivos das Gincanas Energ\u00e9ticas &#8211; Programa Cidades Eficientes<\/a><\/p>\n<\/div><\/section><br \/>\n<div style='height:25px' class='hr hr-invisible  '><span class='hr-inner ' ><span class='hr-inner-style'><\/span><\/span><\/div><br \/>\n<section class=\"av_textblock_section \"  itemscope=\"itemscope\" itemtype=\"https:\/\/schema.org\/CreativeWork\" ><div class='avia_textblock  '   itemprop=\"text\" ><p>Para saber mais sobre as Gincanas Energ\u00e9ticas realizadas em Florian\u00f3polis (mar\u00e7o de 2020), assista ao v\u00eddeo abaixo.<\/p>\n<\/div><\/section><br \/>\n<div class='avia-video avia-video-16-9   av-lazyload-immediate  av-lazyload-video-embed  '   itemprop=\"video\" itemtype=\"https:\/\/schema.org\/VideoObject\"  data-original_url='https:\/\/www.youtube.com\/watch?v=md5cdl_AMek&amp;ab_channel=CBCSConstru%C3%A7%C3%A3oSustent%C3%A1vel' ><script type='text\/html' class='av-video-tmpl'><div class='avia-iframe-wrap'><iframe loading=\"lazy\" width=\"1500\" height=\"844\" src=\"https:\/\/www.youtube.com\/embed\/md5cdl_AMek?feature=oembed\" frameborder=\"0\" allow=\"accelerometer; autoplay; clipboard-write; encrypted-media; gyroscope; picture-in-picture\" allowfullscreen title=\"PROJETO CIDADES EFICIENTES - Gincana Energ\u00e9tica Programa Floripa Cidade Eficiente\"><\/iframe><\/div><\/script><div class='av-click-to-play-overlay'><div class=\"avia_playpause_icon\"><\/div><\/div><\/div><\/p><\/div>\n<\/div><\/div><\/div><!-- close content main div --><\/div><\/div><div id='welcome' class='av-layout-grid-container entry-content-wrapper main_color av-fixed-cells    container_wrap sidebar_right'   >\n<div class=\"flex_cell no_margin av_one_fourth   av-zero-padding \" style='height:15px; min-height:15px;background: #95c11f; vertical-align:top; padding:0px; background-color:#95c11f; '><div class='flex_cell_inner' ><\/div><\/div><div class=\"flex_cell no_margin av_one_fourth   av-zero-padding \" style='height:15px; min-height:15px;background: #51788e; vertical-align:top; padding:0px; background-color:#51788e; '><div class='flex_cell_inner' ><\/div><\/div><div class=\"flex_cell no_margin av_one_fourth   av-zero-padding \" style='height:15px; min-height:15px;background: #88bde8; vertical-align:top; padding:0px; background-color:#88bde8; '><div class='flex_cell_inner' ><\/div><\/div><div class=\"flex_cell no_margin av_one_fourth   av-zero-padding \" style='height:15px; min-height:15px;background: #d4e5f7; vertical-align:top; padding:0px; background-color:#d4e5f7; '><div class='flex_cell_inner' ><\/div><\/div>\n<\/div>\n","protected":false},"excerpt":{"rendered":"","protected":false},"author":1,"featured_media":0,"parent":0,"menu_order":0,"comment_status":"closed","ping_status":"closed","template":"","meta":{"footnotes":""},"_links":{"self":[{"href":"https:\/\/cidadesantigo.cbcs.org.br\/r\/index.php?rest_route=\/wp\/v2\/pages\/1309"}],"collection":[{"href":"https:\/\/cidadesantigo.cbcs.org.br\/r\/index.php?rest_route=\/wp\/v2\/pages"}],"about":[{"href":"https:\/\/cidadesantigo.cbcs.org.br\/r\/index.php?rest_route=\/wp\/v2\/types\/page"}],"author":[{"embeddable":true,"href":"https:\/\/cidadesantigo.cbcs.org.br\/r\/index.php?rest_route=\/wp\/v2\/users\/1"}],"replies":[{"embeddable":true,"href":"https:\/\/cidadesantigo.cbcs.org.br\/r\/index.php?rest_route=%2Fwp%2Fv2%2Fcomments&post=1309"}],"version-history":[{"count":0,"href":"https:\/\/cidadesantigo.cbcs.org.br\/r\/index.php?rest_route=\/wp\/v2\/pages\/1309\/revisions"}],"wp:attachment":[{"href":"https:\/\/cidadesantigo.cbcs.org.br\/r\/index.php?rest_route=%2Fwp%2Fv2%2Fmedia&parent=1309"}],"curies":[{"name":"wp","href":"https:\/\/api.w.org\/{rel}","templated":true}]}}