{"id":1302,"date":"2022-06-24T21:26:02","date_gmt":"2022-06-25T00:26:02","guid":{"rendered":"https:\/\/cidadesantigo.cbcs.org.br\/?page_id=1302"},"modified":"2024-12-05T16:49:31","modified_gmt":"2024-12-05T19:49:31","slug":"gestao-de-dados-de-consumo","status":"publish","type":"page","link":"https:\/\/cidadesantigo.cbcs.org.br\/r\/?page_id=1302","title":{"rendered":"Gest\u00e3o de dados de consumo"},"content":{"rendered":"<\/div><\/div><\/div><!-- close content main div --><\/div><\/div><div id='welcome' class='av-layout-grid-container entry-content-wrapper main_color av-fixed-cells    container_wrap sidebar_right'   >\n<div class=\"flex_cell no_margin av_one_fourth   av-zero-padding \" style='height:15px; min-height:15px;background: #95c11f; vertical-align:top; padding:0px; background-color:#95c11f; '><div class='flex_cell_inner' ><\/div><\/div><div class=\"flex_cell no_margin av_one_fourth   av-zero-padding \" style='height:15px; min-height:15px;background: #51788e; vertical-align:top; padding:0px; background-color:#51788e; '><div class='flex_cell_inner' ><\/div><\/div><div class=\"flex_cell no_margin av_one_fourth   av-zero-padding \" style='height:15px; min-height:15px;background: #88bde8; vertical-align:top; padding:0px; background-color:#88bde8; '><div class='flex_cell_inner' ><\/div><\/div><div class=\"flex_cell no_margin av_one_fourth   av-zero-padding \" style='height:15px; min-height:15px;background: #d4e5f7; vertical-align:top; padding:0px; background-color:#d4e5f7; '><div class='flex_cell_inner' ><\/div><\/div>\n<\/div>\n<\/div><\/div><\/div><!-- close content main div --><\/div><\/div><div id='hello' class='av-layout-grid-container entry-content-wrapper main_color av-flex-cells    container_wrap sidebar_right'   >\n<div class=\"flex_cell no_margin av_one_half   \" style='vertical-align:top; padding:100px; '><div class='flex_cell_inner' ><p><div style='padding-bottom:30px; font-size:32px;' class='av-special-heading av-special-heading-h1  blockquote modern-quote   av-inherit-size '><h1 class='av-special-heading-tag '  itemprop=\"headline\"  > <u>Gest\u00e3o de dados de consumo de energia e \u00e1gua<\/u><\/h1><div class='special-heading-border'><div class='special-heading-inner-border' ><\/div><\/div><\/div><br \/>\n<section class=\"av_textblock_section \"  itemscope=\"itemscope\" itemtype=\"https:\/\/schema.org\/CreativeWork\" ><div class='avia_textblock  '   itemprop=\"text\" ><p>Documenta\u00e7\u00e3o:<\/p>\n<p><a href=\"https:\/\/cidadeseficientes.cbcs.org.br\/wp-content\/uploads\/1_Analise-Dados-Edificios-Fpolis.pdf\" target=\"_blank\" rel=\"noopener\">An\u00e1lise de dados dos Edif\u00edcios de Florian\u00f3polis<\/a><\/p>\n<\/div><\/section><br \/>\n<div style='height:10px' class='hr hr-invisible  '><span class='hr-inner ' ><span class='hr-inner-style'><\/span><\/span><\/div><br \/>\n<section class=\"av_textblock_section \"  itemscope=\"itemscope\" itemtype=\"https:\/\/schema.org\/CreativeWork\" ><div class='avia_textblock  '   itemprop=\"text\" ><p>Plataforma de Gest\u00e3o criada no projeto:<\/p>\n<p><a href=\"https:\/\/www.youtube.com\/watch?v=GKPD17WXtl4\">https:\/\/www.youtube.com\/watch?v=GKPD17WXtl4<\/a><\/p>\n<\/div><\/section><\/p>\n<\/div><\/div><div class=\"flex_cell no_margin av_one_half   avia-full-stretch \" style='background:url(https:\/\/cidadesantigo.cbcs.org.br\/wp-content\/uploads\/2022\/06\/Capturar.jpg) center right no-repeat scroll; vertical-align:top; padding:100px; '><div class='flex_cell_inner' ><\/div><\/div><\/div><\/div><\/div><\/div><!-- close content main div --><\/div><\/div><div id='welcome' class='av-layout-grid-container entry-content-wrapper main_color av-fixed-cells    container_wrap sidebar_right'   >\n<div class=\"flex_cell no_margin av_one_fourth   av-zero-padding \" style='height:15px; min-height:15px;background: #95c11f; vertical-align:top; padding:0px; background-color:#95c11f; '><div class='flex_cell_inner' ><\/div><\/div><div class=\"flex_cell no_margin av_one_fourth   av-zero-padding \" style='height:15px; min-height:15px;background: #51788e; vertical-align:top; padding:0px; background-color:#51788e; '><div class='flex_cell_inner' ><\/div><\/div><div class=\"flex_cell no_margin av_one_fourth   av-zero-padding \" style='height:15px; min-height:15px;background: #88bde8; vertical-align:top; padding:0px; background-color:#88bde8; '><div class='flex_cell_inner' ><\/div><\/div><div class=\"flex_cell no_margin av_one_fourth   av-zero-padding \" style='height:15px; min-height:15px;background: #d4e5f7; vertical-align:top; padding:0px; background-color:#d4e5f7; '><div class='flex_cell_inner' ><\/div><\/div>\n<\/div><\/p>\n","protected":false},"excerpt":{"rendered":"","protected":false},"author":1,"featured_media":0,"parent":0,"menu_order":0,"comment_status":"closed","ping_status":"closed","template":"","meta":{"footnotes":""},"_links":{"self":[{"href":"https:\/\/cidadesantigo.cbcs.org.br\/r\/index.php?rest_route=\/wp\/v2\/pages\/1302"}],"collection":[{"href":"https:\/\/cidadesantigo.cbcs.org.br\/r\/index.php?rest_route=\/wp\/v2\/pages"}],"about":[{"href":"https:\/\/cidadesantigo.cbcs.org.br\/r\/index.php?rest_route=\/wp\/v2\/types\/page"}],"author":[{"embeddable":true,"href":"https:\/\/cidadesantigo.cbcs.org.br\/r\/index.php?rest_route=\/wp\/v2\/users\/1"}],"replies":[{"embeddable":true,"href":"https:\/\/cidadesantigo.cbcs.org.br\/r\/index.php?rest_route=%2Fwp%2Fv2%2Fcomments&post=1302"}],"version-history":[{"count":3,"href":"https:\/\/cidadesantigo.cbcs.org.br\/r\/index.php?rest_route=\/wp\/v2\/pages\/1302\/revisions"}],"predecessor-version":[{"id":1661,"href":"https:\/\/cidadesantigo.cbcs.org.br\/r\/index.php?rest_route=\/wp\/v2\/pages\/1302\/revisions\/1661"}],"wp:attachment":[{"href":"https:\/\/cidadesantigo.cbcs.org.br\/r\/index.php?rest_route=%2Fwp%2Fv2%2Fmedia&parent=1302"}],"curies":[{"name":"wp","href":"https:\/\/api.w.org\/{rel}","templated":true}]}}